{"id":1552,"date":"2026-04-28T10:47:44","date_gmt":"2026-04-28T03:47:44","guid":{"rendered":"https:\/\/dalattruemilk.vn\/home\/"},"modified":"2026-04-28T11:42:46","modified_gmt":"2026-04-28T04:42:46","slug":"home","status":"publish","type":"page","link":"https:\/\/dalattruemilk.vn\/en\/","title":{"rendered":"Home"},"content":{"rendered":"","protected":false},"excerpt":{"rendered":"","protected":false},"author":2,"featured_media":1435,"parent":0,"menu_order":0,"comment_status":"closed","ping_status":"closed","template":"page-template\/home-template.php","meta":{"footnotes":""},"class_list":["post-1552","page","type-page","status-publish","has-post-thumbnail","hentry"],"yoast_head":"<!-- This site is optimized with the Yoast SEO plugin v26.0 - https:\/\/yoast.com\/wordpress\/plugins\/seo\/ -->\n<title>VPMILK Da Lat True Milk - 100% from the Da Lat Highlands<\/title>\n<meta name=\"description\" content=\"VPMILK Da Lat True Milk \u2013 100% pure fresh milk from the Da Lat highlands, produced within 24 hours to preserve its full nutrients and fresh, refreshing taste. Just one sip is enough to let you \u201cchill\u201d as if you were right on the Da Lat highlands.\" \/>\n<meta name=\"robots\" content=\"index, follow, max-snippet:-1, max-image-preview:large, max-video-preview:-1\" \/>\n<link rel=\"canonical\" href=\"https:\/\/dalattruemilk.vn\/en\/\" \/>\n<meta property=\"og:locale\" content=\"en_US\" \/>\n<meta property=\"og:type\" content=\"article\" \/>\n<meta property=\"og:title\" content=\"Da Lat True Milk Fresh Milk\" \/>\n<meta property=\"og:description\" content=\"With 100% pure fresh milk ingredients, it delivers a uniquely delicious milk taste, helping your family stay happy and healthy every day.\" \/>\n<meta property=\"og:url\" content=\"https:\/\/dalattruemilk.vn\/en\/\" \/>\n<meta property=\"og:site_name\" content=\"\u0110\u00c0 L\u1ea0T TRUE MILK\" \/>\n<meta property=\"article:modified_time\" content=\"2026-04-28T04:42:46+00:00\" \/>\n<meta property=\"og:image\" content=\"https:\/\/dalattruemilk.vn\/wp-content\/uploads\/2021\/07\/main-story-img2-1.png\" \/>\n<meta name=\"twitter:card\" content=\"summary_large_image\" \/>\n<meta name=\"twitter:label1\" content=\"Est. reading time\" \/>\n\t<meta name=\"twitter:data1\" content=\"1 minute\" \/>\n<script type=\"application\/ld+json\" class=\"yoast-schema-graph\">{\"@context\":\"https:\/\/schema.org\",\"@graph\":[{\"@type\":\"WebPage\",\"@id\":\"https:\/\/dalattruemilk.vn\/en\/\",\"url\":\"https:\/\/dalattruemilk.vn\/en\/\",\"name\":\"VPMILK Da Lat True Milk - 100% from the Da Lat Highlands\",\"isPartOf\":{\"@id\":\"https:\/\/dalattruemilk.vn\/#website\"},\"primaryImageOfPage\":{\"@id\":\"https:\/\/dalattruemilk.vn\/en\/#primaryimage\"},\"image\":{\"@id\":\"https:\/\/dalattruemilk.vn\/en\/#primaryimage\"},\"thumbnailUrl\":\"https:\/\/dalattruemilk.vn\/wp-content\/uploads\/2021\/07\/THUNG_LOC_UHT_NGUYENCHAT_180-removebg-preview.png\",\"datePublished\":\"2026-04-28T03:47:44+00:00\",\"dateModified\":\"2026-04-28T04:42:46+00:00\",\"description\":\"VPMILK Da Lat True Milk \u2013 100% pure fresh milk from the Da Lat highlands, produced within 24 hours to preserve its full nutrients and fresh, refreshing taste. Just one sip is enough to let you \u201cchill\u201d as if you were right on the Da Lat highlands.\",\"breadcrumb\":{\"@id\":\"https:\/\/dalattruemilk.vn\/en\/#breadcrumb\"},\"inLanguage\":\"en-US\",\"potentialAction\":[{\"@type\":\"ReadAction\",\"target\":[\"https:\/\/dalattruemilk.vn\/en\/\"]}]},{\"@type\":\"ImageObject\",\"inLanguage\":\"en-US\",\"@id\":\"https:\/\/dalattruemilk.vn\/en\/#primaryimage\",\"url\":\"https:\/\/dalattruemilk.vn\/wp-content\/uploads\/2021\/07\/THUNG_LOC_UHT_NGUYENCHAT_180-removebg-preview.png\",\"contentUrl\":\"https:\/\/dalattruemilk.vn\/wp-content\/uploads\/2021\/07\/THUNG_LOC_UHT_NGUYENCHAT_180-removebg-preview.png\",\"width\":500,\"height\":500},{\"@type\":\"BreadcrumbList\",\"@id\":\"https:\/\/dalattruemilk.vn\/en\/#breadcrumb\",\"itemListElement\":[{\"@type\":\"ListItem\",\"position\":1,\"name\":\"Home\",\"item\":\"https:\/\/dalattruemilk.vn\/en\/\"},{\"@type\":\"ListItem\",\"position\":2,\"name\":\"Home\"}]},{\"@type\":\"WebSite\",\"@id\":\"https:\/\/dalattruemilk.vn\/#website\",\"url\":\"https:\/\/dalattruemilk.vn\/\",\"name\":\"\u0110\u00c0 L\u1ea0T TRUE MILK\",\"description\":\"VPMILK \u0110\u00e0 L\u1ea1t True Milk - 100% s\u1eefa th\u1eadt t\u1eeb cao nguy\u00ean \u0110\u00e0 L\u1ea1t\",\"publisher\":{\"@id\":\"https:\/\/dalattruemilk.vn\/#organization\"},\"potentialAction\":[{\"@type\":\"SearchAction\",\"target\":{\"@type\":\"EntryPoint\",\"urlTemplate\":\"https:\/\/dalattruemilk.vn\/?s={search_term_string}\"},\"query-input\":{\"@type\":\"PropertyValueSpecification\",\"valueRequired\":true,\"valueName\":\"search_term_string\"}}],\"inLanguage\":\"en-US\"},{\"@type\":\"Organization\",\"@id\":\"https:\/\/dalattruemilk.vn\/#organization\",\"name\":\"\u0110\u00c0 L\u1ea0T TRUE MILK\",\"url\":\"https:\/\/dalattruemilk.vn\/\",\"logo\":{\"@type\":\"ImageObject\",\"inLanguage\":\"en-US\",\"@id\":\"https:\/\/dalattruemilk.vn\/#\/schema\/logo\/image\/\",\"url\":\"https:\/\/dalattruemilk.vn\/wp-content\/uploads\/2021\/07\/logo-true-milk.png\",\"contentUrl\":\"https:\/\/dalattruemilk.vn\/wp-content\/uploads\/2021\/07\/logo-true-milk.png\",\"width\":154,\"height\":230,\"caption\":\"\u0110\u00c0 L\u1ea0T TRUE MILK\"},\"image\":{\"@id\":\"https:\/\/dalattruemilk.vn\/#\/schema\/logo\/image\/\"}}]}<\/script>\n<!-- \/ Yoast SEO plugin. -->","yoast_head_json":{"title":"VPMILK Da Lat True Milk - 100% from the Da Lat Highlands","description":"VPMILK Da Lat True Milk \u2013 100% pure fresh milk from the Da Lat highlands, produced within 24 hours to preserve its full nutrients and fresh, refreshing taste. Just one sip is enough to let you \u201cchill\u201d as if you were right on the Da Lat highlands.","robots":{"index":"index","follow":"follow","max-snippet":"max-snippet:-1","max-image-preview":"max-image-preview:large","max-video-preview":"max-video-preview:-1"},"canonical":"https:\/\/dalattruemilk.vn\/en\/","og_locale":"en_US","og_type":"article","og_title":"Da Lat True Milk Fresh Milk","og_description":"With 100% pure fresh milk ingredients, it delivers a uniquely delicious milk taste, helping your family stay happy and healthy every day.","og_url":"https:\/\/dalattruemilk.vn\/en\/","og_site_name":"\u0110\u00c0 L\u1ea0T TRUE MILK","article_modified_time":"2026-04-28T04:42:46+00:00","og_image":[{"url":"https:\/\/dalattruemilk.vn\/wp-content\/uploads\/2021\/07\/main-story-img2-1.png","type":"","width":"","height":""}],"twitter_card":"summary_large_image","twitter_misc":{"Est. reading time":"1 minute"},"schema":{"@context":"https:\/\/schema.org","@graph":[{"@type":"WebPage","@id":"https:\/\/dalattruemilk.vn\/en\/","url":"https:\/\/dalattruemilk.vn\/en\/","name":"VPMILK Da Lat True Milk - 100% from the Da Lat Highlands","isPartOf":{"@id":"https:\/\/dalattruemilk.vn\/#website"},"primaryImageOfPage":{"@id":"https:\/\/dalattruemilk.vn\/en\/#primaryimage"},"image":{"@id":"https:\/\/dalattruemilk.vn\/en\/#primaryimage"},"thumbnailUrl":"https:\/\/dalattruemilk.vn\/wp-content\/uploads\/2021\/07\/THUNG_LOC_UHT_NGUYENCHAT_180-removebg-preview.png","datePublished":"2026-04-28T03:47:44+00:00","dateModified":"2026-04-28T04:42:46+00:00","description":"VPMILK Da Lat True Milk \u2013 100% pure fresh milk from the Da Lat highlands, produced within 24 hours to preserve its full nutrients and fresh, refreshing taste. Just one sip is enough to let you \u201cchill\u201d as if you were right on the Da Lat highlands.","breadcrumb":{"@id":"https:\/\/dalattruemilk.vn\/en\/#breadcrumb"},"inLanguage":"en-US","potentialAction":[{"@type":"ReadAction","target":["https:\/\/dalattruemilk.vn\/en\/"]}]},{"@type":"ImageObject","inLanguage":"en-US","@id":"https:\/\/dalattruemilk.vn\/en\/#primaryimage","url":"https:\/\/dalattruemilk.vn\/wp-content\/uploads\/2021\/07\/THUNG_LOC_UHT_NGUYENCHAT_180-removebg-preview.png","contentUrl":"https:\/\/dalattruemilk.vn\/wp-content\/uploads\/2021\/07\/THUNG_LOC_UHT_NGUYENCHAT_180-removebg-preview.png","width":500,"height":500},{"@type":"BreadcrumbList","@id":"https:\/\/dalattruemilk.vn\/en\/#breadcrumb","itemListElement":[{"@type":"ListItem","position":1,"name":"Home","item":"https:\/\/dalattruemilk.vn\/en\/"},{"@type":"ListItem","position":2,"name":"Home"}]},{"@type":"WebSite","@id":"https:\/\/dalattruemilk.vn\/#website","url":"https:\/\/dalattruemilk.vn\/","name":"\u0110\u00c0 L\u1ea0T TRUE MILK","description":"VPMILK \u0110\u00e0 L\u1ea1t True Milk - 100% s\u1eefa th\u1eadt t\u1eeb cao nguy\u00ean \u0110\u00e0 L\u1ea1t","publisher":{"@id":"https:\/\/dalattruemilk.vn\/#organization"},"potentialAction":[{"@type":"SearchAction","target":{"@type":"EntryPoint","urlTemplate":"https:\/\/dalattruemilk.vn\/?s={search_term_string}"},"query-input":{"@type":"PropertyValueSpecification","valueRequired":true,"valueName":"search_term_string"}}],"inLanguage":"en-US"},{"@type":"Organization","@id":"https:\/\/dalattruemilk.vn\/#organization","name":"\u0110\u00c0 L\u1ea0T TRUE MILK","url":"https:\/\/dalattruemilk.vn\/","logo":{"@type":"ImageObject","inLanguage":"en-US","@id":"https:\/\/dalattruemilk.vn\/#\/schema\/logo\/image\/","url":"https:\/\/dalattruemilk.vn\/wp-content\/uploads\/2021\/07\/logo-true-milk.png","contentUrl":"https:\/\/dalattruemilk.vn\/wp-content\/uploads\/2021\/07\/logo-true-milk.png","width":154,"height":230,"caption":"\u0110\u00c0 L\u1ea0T TRUE MILK"},"image":{"@id":"https:\/\/dalattruemilk.vn\/#\/schema\/logo\/image\/"}}]}},"_links":{"self":[{"href":"https:\/\/dalattruemilk.vn\/en\/wp-json\/wp\/v2\/pages\/1552","targetHints":{"allow":["GET"]}}],"collection":[{"href":"https:\/\/dalattruemilk.vn\/en\/wp-json\/wp\/v2\/pages"}],"about":[{"href":"https:\/\/dalattruemilk.vn\/en\/wp-json\/wp\/v2\/types\/page"}],"author":[{"embeddable":true,"href":"https:\/\/dalattruemilk.vn\/en\/wp-json\/wp\/v2\/users\/2"}],"replies":[{"embeddable":true,"href":"https:\/\/dalattruemilk.vn\/en\/wp-json\/wp\/v2\/comments?post=1552"}],"version-history":[{"count":5,"href":"https:\/\/dalattruemilk.vn\/en\/wp-json\/wp\/v2\/pages\/1552\/revisions"}],"predecessor-version":[{"id":1561,"href":"https:\/\/dalattruemilk.vn\/en\/wp-json\/wp\/v2\/pages\/1552\/revisions\/1561"}],"wp:featuredmedia":[{"embeddable":true,"href":"https:\/\/dalattruemilk.vn\/en\/wp-json\/wp\/v2\/media\/1435"}],"wp:attachment":[{"href":"https:\/\/dalattruemilk.vn\/en\/wp-json\/wp\/v2\/media?parent=1552"}],"curies":[{"name":"wp","href":"https:\/\/api.w.org\/{rel}","templated":true}]}}